{"id":12,"date":"2020-11-14T13:28:19","date_gmt":"2020-11-14T13:28:19","guid":{"rendered":"https:\/\/www.skylake.de\/?page_id=12"},"modified":"2021-02-17T16:25:38","modified_gmt":"2021-02-17T16:25:38","slug":"services","status":"publish","type":"page","link":"https:\/\/www.skylake.de\/index.php\/services\/","title":{"rendered":"Services"},"content":{"rendered":"<p class=\"transparent has-black-color has-text-color\">\n<b class=\"transparent\">Prozessautomatisierung mit Microsoft<sup>(R)<\/sup> BizTalk Server<\/b><br \/>\nAufgrund unserer jahrelangen Erfahrung mit der BizTalk Server Plattform von Microsoft k\u00f6nnen wir Ihnen umfassende Beratung, Design, Entwicklung, Wartung und den Betrieb von kleinen bis gro\u00dfen Automatisierungsl\u00f6sungen anbieten.<\/p>\n<p class=\"transparent has-black-color has-text-color\">\n<b class=\"transparent\">Digitalisierung und Automatisierung<\/b><br \/>\nWenn es darum geht Ihr Unternehmen fit f\u00fcr die digitale Zukunft zu machen, sind Sie bei uns genau richtig. Wir untersuchen mit Ihnen zusammen ihre Prozesse und IT-Infrastruktur und beraten Sie umfassend zu m\u00f6glichen Szenarien und deren Umsetzungsm\u00f6glichkeiten bezogen auf ein vorgegebenes Budget.<\/p>\n<p class=\"transparent has-black-color has-text-color\">\n<b class=\"transparent\">Cloudl\u00f6sungen<\/b><br \/>\nFalls Sie keine eigene IT-Infrastruktur haben oder wollen, bieten wir Ihnen ebenfalls umfassende Beratung, die Planung, den Aufbau und den Betrieb einer cloudbasierten Unternehmens-IT. Egal, ob es um virtuelle Arbeitstationen, die Online-Pr\u00e4senz oder digitale Unternehmensrozesse geht.<\/p>\n<p class=\"transparent has-black-color has-text-color\"><b class=\"transparent\">Automatischer Datenaustausch<\/b><br \/>\nTauschen Sie regelm\u00e4\u00dfig mit Kunden oder Partnern manuell Daten aus? Wir automatisieren dies f\u00fcr Sie und \u00fcbernehmen dabei auch die Kommunikation mit Ihren Partnern, dass hei\u00dft, wir analysieren Ihre Anforderungen und erarbeiten dann mit Ihren Partnern eine f\u00fcr beide Parteien optimale und automatische L\u00f6sung. Wir kommunizieren dabei auf technischer Basis mit allen m\u00f6glichen Systemen, Technologien und Schnittstellen, transformieren, sammeln oder teilen die Daten auf, sodass richgiten die Informationen dort zur Verf\u00fcgung stehen wo sie gebraucht werden.<\/p>\n<p class=\"transparent has-black-color has-text-color\">\n<b class=\"transparent\">Schnittstellen-Entwicklung (API)<\/b><br \/>\nWollen oder m\u00fcssen Sie mit einem Partner Daten austauschen, es existiert aber keine Schnittstelle um es zu automatsisieren? Sprechen Sie mit uns. In den meisten F\u00e4llen finden wir eine passende Schnittstelle, falls nicht bauen wir eine f\u00fcr Sie.<\/p>\n","protected":false},"excerpt":{"rendered":"<p>Prozessautomatisierung mit Microsoft(R) BizTalk Server Aufgrund unserer jahrelangen Erfahrung mit der BizTalk Server Plattform von Microsoft k\u00f6nnen wir Ihnen umfassende Beratung, Design, Entwicklung, Wartung und den Betrieb von kleinen bis gro\u00dfen Automatisierungsl\u00f6sungen anbieten. Digitalisierung und Automatisierung Wenn es darum geht Ihr Unternehmen fit f\u00fcr die digitale Zukunft zu machen, sind Sie bei uns genau richtig. &hellip;<\/p>\n","protected":false},"author":1,"featured_media":0,"parent":0,"menu_order":0,"comment_status":"closed","ping_status":"closed","template":"","meta":[],"_links":{"self":[{"href":"https:\/\/www.skylake.de\/index.php\/wp-json\/wp\/v2\/pages\/12"}],"collection":[{"href":"https:\/\/www.skylake.de\/index.php\/wp-json\/wp\/v2\/pages"}],"about":[{"href":"https:\/\/www.skylake.de\/index.php\/wp-json\/wp\/v2\/types\/page"}],"author":[{"embeddable":true,"href":"https:\/\/www.skylake.de\/index.php\/wp-json\/wp\/v2\/users\/1"}],"replies":[{"embeddable":true,"href":"https:\/\/www.skylake.de\/index.php\/wp-json\/wp\/v2\/comments?post=12"}],"version-history":[{"count":16,"href":"https:\/\/www.skylake.de\/index.php\/wp-json\/wp\/v2\/pages\/12\/revisions"}],"predecessor-version":[{"id":165,"href":"https:\/\/www.skylake.de\/index.php\/wp-json\/wp\/v2\/pages\/12\/revisions\/165"}],"wp:attachment":[{"href":"https:\/\/www.skylake.de\/index.php\/wp-json\/wp\/v2\/media?parent=12"}],"curies":[{"name":"wp","href":"https:\/\/api.w.org\/{rel}","templated":true}]}}